{"id":83,"date":"2026-05-01T05:39:37","date_gmt":"2026-05-01T05:39:37","guid":{"rendered":"https:\/\/keyiflises.net\/?page_id=83"},"modified":"2026-05-01T05:39:37","modified_gmt":"2026-05-01T05:39:37","slug":"online-kamerali-sohbet","status":"publish","type":"page","link":"https:\/\/keyiflises.net\/?page_id=83","title":{"rendered":"Online Kameral\u0131 Sohbet"},"content":{"rendered":"\n<p><strong><a href=\"https:\/\/sesli.keyiflises.net\/login\">Online Kameral\u0131 Sohbet Online kameral\u0131 sohbet, internet \u00fczerinden kullan\u0131c\u0131lar\u0131n anl\u0131k olarak g\u00f6r\u00fcnt\u00fcl\u00fc ileti\u015fim kurmas\u0131n\u0131 sa\u011flayan modern bir sohbet y\u00f6ntemidir. Bu sistem sayesinde insanlar sadece yaz\u0131\u015fmakla kalmaz, ayn\u0131 zamanda kar\u015f\u0131s\u0131ndaki ki\u015fiyi g\u00f6rerek daha ger\u00e7ek ve samimi bir ileti\u015fim deneyimi ya\u015far.<\/a><\/strong><\/p>\n\n\n\n<p>Kameral\u0131 sohbetin en \u00f6nemli avantaj\u0131, y\u00fcz y\u00fcze ileti\u015fim hissini dijital ortama ta\u015f\u0131mas\u0131d\u0131r. Mimikler, ses tonu ve anl\u0131k tepkiler sayesinde sohbetler daha do\u011fal ve anla\u015f\u0131l\u0131r hale gelir. Bu da g\u00fcven duygusunu art\u0131r\u0131r ve ileti\u015fimi daha g\u00fc\u00e7l\u00fc k\u0131lar.<\/p>\n\n\n\n<p><strong><a href=\"https:\/\/sesli.keyiflises.net\/login\">Online kameral\u0131 sohbet platformlar\u0131, yeni insanlarla tan\u0131\u015fmak, arkada\u015fl\u0131k kurmak ve sosyal \u00e7evreyi geni\u015fletmek isteyenler i\u00e7in olduk\u00e7a ideal bir ortam sunar. Farkl\u0131 yerlerden kullan\u0131c\u0131larla kolayca ba\u011flant\u0131 kurularak keyifli vakit ge\u00e7irilebilir.<\/a><\/strong><\/p>\n\n\n\n<p><strong><a href=\"https:\/\/sesli.keyiflises.net\/login\">Sonu\u00e7 olarak online kameral\u0131 sohbet, g\u00fcn\u00fcm\u00fcz dijital d\u00fcnyas\u0131nda en etkili ve en ger\u00e7ek\u00e7i ileti\u015fim y\u00f6ntemlerinden biridir. Hem e\u011flenceli hem de sosyal a\u00e7\u0131dan g\u00fc\u00e7l\u00fc bir deneyim sunar.<\/a><\/strong><\/p>\n\n\n\n<p><\/p>\n","protected":false},"excerpt":{"rendered":"<p>Online Kameral\u0131 Sohbet Online kameral\u0131 sohbet, internet \u00fczerinden kullan\u0131c\u0131lar\u0131n anl\u0131k olarak g\u00f6r\u00fcnt\u00fcl\u00fc ileti\u015fim kurmas\u0131n\u0131 sa\u011flayan modern bir sohbet y\u00f6ntemidir. Bu sistem sayesinde insanlar sadece yaz\u0131\u015fmakla kalmaz, ayn\u0131 zamanda kar\u015f\u0131s\u0131ndaki ki\u015fiyi g\u00f6rerek daha ger\u00e7ek ve samimi bir ileti\u015fim deneyimi ya\u015far. Kameral\u0131 sohbetin en \u00f6nemli avantaj\u0131, y\u00fcz y\u00fcze ileti\u015fim hissini dijital ortama ta\u015f\u0131mas\u0131d\u0131r. Mimikler, ses tonu ve [&hellip;]<\/p>\n","protected":false},"author":1,"featured_media":0,"parent":0,"menu_order":0,"comment_status":"closed","ping_status":"closed","template":"","meta":{"footnotes":""},"class_list":["post-83","page","type-page","status-publish","hentry"],"_links":{"self":[{"href":"https:\/\/keyiflises.net\/index.php?rest_route=\/wp\/v2\/pages\/83","targetHints":{"allow":["GET"]}}],"collection":[{"href":"https:\/\/keyiflises.net\/index.php?rest_route=\/wp\/v2\/pages"}],"about":[{"href":"https:\/\/keyiflises.net\/index.php?rest_route=\/wp\/v2\/types\/page"}],"author":[{"embeddable":true,"href":"https:\/\/keyiflises.net\/index.php?rest_route=\/wp\/v2\/users\/1"}],"replies":[{"embeddable":true,"href":"https:\/\/keyiflises.net\/index.php?rest_route=%2Fwp%2Fv2%2Fcomments&post=83"}],"version-history":[{"count":1,"href":"https:\/\/keyiflises.net\/index.php?rest_route=\/wp\/v2\/pages\/83\/revisions"}],"predecessor-version":[{"id":84,"href":"https:\/\/keyiflises.net\/index.php?rest_route=\/wp\/v2\/pages\/83\/revisions\/84"}],"wp:attachment":[{"href":"https:\/\/keyiflises.net\/index.php?rest_route=%2Fwp%2Fv2%2Fmedia&parent=83"}],"curies":[{"name":"wp","href":"https:\/\/api.w.org\/{rel}","templated":true}]}}